{"id":670,"date":"2025-07-25T13:48:02","date_gmt":"2025-07-25T11:48:02","guid":{"rendered":"https:\/\/lougouaille.ovh\/?page_id=670"},"modified":"2025-07-25T14:31:58","modified_gmt":"2025-07-25T12:31:58","slug":"cendrillon","status":"publish","type":"page","link":"https:\/\/lougouaille.ovh\/?page_id=670","title":{"rendered":"Cendrillon"},"content":{"rendered":"\n<figure class=\"wp-block-image size-large\"><img decoding=\"async\" src=\"http:\/\/lougouaille.ovh\/wp-content\/uploads\/2025\/07\/Ashes-1024x683.jpg\" alt=\"\" class=\"wp-image-684\" style=\"aspect-ratio:16\/9;object-fit:cover\"\/><\/figure>\n\n\n\n<p class=\"has-larger-font-size\"><strong>Cendrillon &#8211; Ashes to ashes <\/strong><\/p>\n\n\n\n<p class=\"has-small-font-size\"><em>Projet de dipl\u00f4me 2021<\/em> &#8211; LAAB Rennes<\/p>\n\n\n\n<p class=\"has-small-font-size\">En 2017 l\u2019ADEME estime la consommation de bois de chauffage des m\u00e9nages fran\u00e7ais \u00e0 25,7 millions de m3 soit pr\u00e8s de 13 milliards de tonnes de bois br\u00fbl\u00e9 chaque ann\u00e9e. On peut estimer que cette consommation g\u00e9n\u00e8re environ 200 000 tonnes de cendres. \u00c0 ce chiffre vient s\u2019ajouter les cendres de la combustion des d\u00e9chets verts et les barbecues. Ces cendres dites domestiques ne connaissent aujourd\u2019hui pas d\u2019usages r\u00e9pandus et sont consid\u00e9r\u00e9es comme rebus. \u00c0 l\u2019heure de l&rsquo;intelligence des ressources, le projet Cendrillon se saisit de cette opportunit\u00e9 et valorise la cendre sous forme de mat\u00e9riaux, par l\u2019utilisation de m\u00e9thodes exp\u00e9rimentales et l\u2019utilisation de moyens simples en autoproduction. Cette m\u00e9thode de production m\u2019a permis de d\u00e9velopper des mat\u00e9riaux qui tirent parti des qualit\u00e9s de la mati\u00e8re.<\/p>\n\n\n\n<figure class=\"wp-block-image size-full\"><img fetchpriority=\"high\" decoding=\"async\" width=\"1024\" height=\"683\" src=\"https:\/\/lougouaille.ovh\/wp-content\/uploads\/2025\/07\/3-1-1024x683-1.jpg\" alt=\"\" class=\"wp-image-679\" style=\"aspect-ratio:16\/9;object-fit:cover\" srcset=\"https:\/\/lougouaille.ovh\/wp-content\/uploads\/2025\/07\/3-1-1024x683-1.jpg 1024w, https:\/\/lougouaille.ovh\/wp-content\/uploads\/2025\/07\/3-1-1024x683-1-300x200.jpg 300w, https:\/\/lougouaille.ovh\/wp-content\/uploads\/2025\/07\/3-1-1024x683-1-768x512.jpg 768w\" sizes=\"(max-width: 1024px) 100vw, 1024px\" \/><\/figure>\n\n\n\n<h2 class=\"wp-block-heading\">Les Cendres une mati\u00e8re d\u00e9laiss\u00e9e<\/h2>\n\n\n\n<p class=\"has-small-font-size\">Il existe diff\u00e9rents types de cendres. D\u2019une part les cendres domestiques, issues de po\u00eales, fours, chemin\u00e9es et de la combustion de d\u00e9chets verts. Elles sont produites par les particuliers et les restaurateurs. D\u2019autre part les cendres industrielles notamment issues des usines thermiques. \u00c0 la diff\u00e9rence des premi\u00e8res, celles-ci sont valoris\u00e9es dans le secteur agricole comme engrais et dans le milieu de la construction comme charge pour b\u00e9ton. Aujourd\u2019hui, les cendres domestiques ne connaissent pas d\u2019usage r\u00e9pandu et poss\u00e8dent un statut de d\u00e9chet. R\u00e9sidu de la combustion de mati\u00e8re organique, la cendre est volatile et friable. Visuellement, elle appara\u00eet sous forme de poudre terne. Ces qualit\u00e9s donnent \u00e0 la cendre un aspect salissant, ce qui fait d\u2019elle une mati\u00e8re non accept\u00e9e dans l\u2019univers domestique. L\u2019objectif de ce projet est de valoriser cette mati\u00e8re, par son utilisation dans un mat\u00e9riau.<\/p>\n\n\n\n<blockquote class=\"wp-block-quote is-layout-flow wp-block-quote-is-layout-flow\">\n<p><em>\u00abLorsqu\u2019elle avait fait son ouvrage, elle allait se mettre au coin de la chemin\u00e9e et s\u2019asseoir dans les cendres, ce qui faisait qu\u2019on l\u2019appelait commun\u00e9ment, dans le logis, Cucendron. La cadette qui n\u2019\u00e9tait pas si malhonn\u00eate que son ain\u00e9e, l\u2019appelait Cendrillon; Cependant Cendrillon, avec ses m\u00e9chant habits, ne laissait pas d\u2019\u00eatre cent fois plus belle que ses soeurs quoique v\u00eatues magnifiquement.\u00bb<\/em><\/p>\n\n\n\n<p>Charles Perault<\/p>\n\n\n\n<div class=\"wp-block-columns is-layout-flex wp-container-core-columns-is-layout-9d6595d7 wp-block-columns-is-layout-flex\">\n<div class=\"wp-block-column is-layout-flow wp-block-column-is-layout-flow\">\n<figure class=\"wp-block-image size-full\"><img decoding=\"async\" width=\"1024\" height=\"640\" src=\"http:\/\/lougouaille.ovh\/wp-content\/uploads\/2025\/07\/2.1-1-1024x640-1.jpg\" alt=\"\" class=\"wp-image-675\" srcset=\"https:\/\/lougouaille.ovh\/wp-content\/uploads\/2025\/07\/2.1-1-1024x640-1.jpg 1024w, https:\/\/lougouaille.ovh\/wp-content\/uploads\/2025\/07\/2.1-1-1024x640-1-300x188.jpg 300w, https:\/\/lougouaille.ovh\/wp-content\/uploads\/2025\/07\/2.1-1-1024x640-1-768x480.jpg 768w\" sizes=\"(max-width: 1024px) 100vw, 1024px\" \/><\/figure>\n<\/div>\n\n\n\n<div class=\"wp-block-column is-layout-flow wp-block-column-is-layout-flow\">\n<figure class=\"wp-block-image size-full\"><img decoding=\"async\" width=\"1024\" height=\"640\" src=\"http:\/\/lougouaille.ovh\/wp-content\/uploads\/2025\/07\/2.3-1-1024x640-1.jpg\" alt=\"\" class=\"wp-image-677\" srcset=\"https:\/\/lougouaille.ovh\/wp-content\/uploads\/2025\/07\/2.3-1-1024x640-1.jpg 1024w, https:\/\/lougouaille.ovh\/wp-content\/uploads\/2025\/07\/2.3-1-1024x640-1-300x188.jpg 300w, https:\/\/lougouaille.ovh\/wp-content\/uploads\/2025\/07\/2.3-1-1024x640-1-768x480.jpg 768w\" sizes=\"(max-width: 1024px) 100vw, 1024px\" \/><\/figure>\n<\/div>\n\n\n\n<div class=\"wp-block-column is-layout-flow wp-block-column-is-layout-flow\">\n<figure class=\"wp-block-image size-full\"><img loading=\"lazy\" decoding=\"async\" width=\"1024\" height=\"640\" src=\"http:\/\/lougouaille.ovh\/wp-content\/uploads\/2025\/07\/2.2-1-1024x640-1.jpg\" alt=\"\" class=\"wp-image-676\" srcset=\"https:\/\/lougouaille.ovh\/wp-content\/uploads\/2025\/07\/2.2-1-1024x640-1.jpg 1024w, https:\/\/lougouaille.ovh\/wp-content\/uploads\/2025\/07\/2.2-1-1024x640-1-300x188.jpg 300w, https:\/\/lougouaille.ovh\/wp-content\/uploads\/2025\/07\/2.2-1-1024x640-1-768x480.jpg 768w\" sizes=\"(max-width: 1024px) 100vw, 1024px\" \/><\/figure>\n<\/div>\n<\/div>\n<\/blockquote>\n\n\n\n<h2 class=\"wp-block-heading\">Une approche exp\u00e9rimentale<br><\/h2>\n\n\n\n<p style=\"font-size:12px\">Pour mener \u00e0 bien ce projet, j\u2019ai mis en place la cr\u00e9ation d\u2019une fili\u00e8re de valorisation de la cendre domestique. Dans un premier temps, la d\u00e9marche commence par la collecte aupr\u00e8s des particuliers et des restaurateurs. La composition de la cendre varie en fonction du feu dont elles sont issues; en fonction de ce qui a \u00e9t\u00e9 br\u00fbl\u00e9, de la m\u00e9thode d\u2019allumage et du mode de combustion. Ainsi, la mati\u00e8re cendre \u00e0 la base de ces mat\u00e9riaux poss\u00e8de des caract\u00e9ristiques physiques variables. Dans un second temps, j\u2019ai abord\u00e9 la transformation de la cendre par le biais de l\u2019exp\u00e9rimentation. En confrontant la mati\u00e8re \u00e0 de multiples transformations et m\u00e9langes, j\u2019ai choisi de d\u00e9velopper la piste de mat\u00e9riaux compl\u00e9mentaires, \u00e0 la fois dans leur utilisation de la cendre, mais \u00e9galement dans la typologie de mat\u00e9riaux produits. Par ailleurs, cette m\u00e9thode exp\u00e9rimentale m\u2019a men\u00e9e vers l\u2019autoproduction et l\u2019utilisation de moyens simples. Elle m\u2019a permis de d\u00e9velopper les mat\u00e9riaux en int\u00e9grant les variations pr\u00e9sentes dans la mati\u00e8re., ainsi que de produire \u00e0 une \u00e9chelle en coh\u00e9rence avec celle de la cendre domestique.<\/p>\n\n\n\n<figure class=\"wp-block-gallery has-nested-images columns-default is-cropped wp-block-gallery-1 is-layout-flex wp-block-gallery-is-layout-flex\">\n<figure class=\"wp-block-image size-large\"><img loading=\"lazy\" decoding=\"async\" width=\"1024\" height=\"492\" data-id=\"683\" src=\"https:\/\/lougouaille.ovh\/wp-content\/uploads\/2025\/07\/11-1024x492.jpg\" alt=\"\" class=\"wp-image-683\" srcset=\"https:\/\/lougouaille.ovh\/wp-content\/uploads\/2025\/07\/11-1024x492.jpg 1024w, https:\/\/lougouaille.ovh\/wp-content\/uploads\/2025\/07\/11-300x144.jpg 300w, https:\/\/lougouaille.ovh\/wp-content\/uploads\/2025\/07\/11-768x369.jpg 768w, https:\/\/lougouaille.ovh\/wp-content\/uploads\/2025\/07\/11-1536x737.jpg 1536w, https:\/\/lougouaille.ovh\/wp-content\/uploads\/2025\/07\/11-2048x983.jpg 2048w, https:\/\/lougouaille.ovh\/wp-content\/uploads\/2025\/07\/11-1200x576.jpg 1200w, https:\/\/lougouaille.ovh\/wp-content\/uploads\/2025\/07\/11-1860x893.jpg 1860w\" sizes=\"(max-width: 1024px) 100vw, 1024px\" \/><\/figure>\n\n\n\n<figure class=\"wp-block-image size-large\"><img loading=\"lazy\" decoding=\"async\" width=\"1024\" height=\"683\" data-id=\"682\" src=\"https:\/\/lougouaille.ovh\/wp-content\/uploads\/2025\/07\/9-1024x683.jpg\" alt=\"\" class=\"wp-image-682\" srcset=\"https:\/\/lougouaille.ovh\/wp-content\/uploads\/2025\/07\/9-1024x683.jpg 1024w, https:\/\/lougouaille.ovh\/wp-content\/uploads\/2025\/07\/9-300x200.jpg 300w, https:\/\/lougouaille.ovh\/wp-content\/uploads\/2025\/07\/9-768x512.jpg 768w, https:\/\/lougouaille.ovh\/wp-content\/uploads\/2025\/07\/9-1536x1024.jpg 1536w, https:\/\/lougouaille.ovh\/wp-content\/uploads\/2025\/07\/9-2048x1365.jpg 2048w, https:\/\/lougouaille.ovh\/wp-content\/uploads\/2025\/07\/9-1200x800.jpg 1200w\" sizes=\"(max-width: 1024px) 100vw, 1024px\" \/><\/figure>\n\n\n\n<figure class=\"wp-block-image size-large\"><img loading=\"lazy\" decoding=\"async\" width=\"1024\" height=\"683\" data-id=\"681\" src=\"https:\/\/lougouaille.ovh\/wp-content\/uploads\/2025\/07\/8-1024x683.jpg\" alt=\"\" class=\"wp-image-681\" srcset=\"https:\/\/lougouaille.ovh\/wp-content\/uploads\/2025\/07\/8-1024x683.jpg 1024w, https:\/\/lougouaille.ovh\/wp-content\/uploads\/2025\/07\/8-300x200.jpg 300w, https:\/\/lougouaille.ovh\/wp-content\/uploads\/2025\/07\/8-768x512.jpg 768w, https:\/\/lougouaille.ovh\/wp-content\/uploads\/2025\/07\/8-1536x1024.jpg 1536w, https:\/\/lougouaille.ovh\/wp-content\/uploads\/2025\/07\/8-2048x1365.jpg 2048w, https:\/\/lougouaille.ovh\/wp-content\/uploads\/2025\/07\/8-1200x800.jpg 1200w\" sizes=\"(max-width: 1024px) 100vw, 1024px\" \/><\/figure>\n\n\n\n<figure class=\"wp-block-image size-large\"><img loading=\"lazy\" decoding=\"async\" width=\"1024\" height=\"683\" data-id=\"680\" src=\"https:\/\/lougouaille.ovh\/wp-content\/uploads\/2025\/07\/6-1024x683.jpg\" alt=\"\" class=\"wp-image-680\" srcset=\"https:\/\/lougouaille.ovh\/wp-content\/uploads\/2025\/07\/6-1024x683.jpg 1024w, https:\/\/lougouaille.ovh\/wp-content\/uploads\/2025\/07\/6-300x200.jpg 300w, https:\/\/lougouaille.ovh\/wp-content\/uploads\/2025\/07\/6-768x512.jpg 768w, https:\/\/lougouaille.ovh\/wp-content\/uploads\/2025\/07\/6-1536x1024.jpg 1536w, https:\/\/lougouaille.ovh\/wp-content\/uploads\/2025\/07\/6-2048x1365.jpg 2048w, https:\/\/lougouaille.ovh\/wp-content\/uploads\/2025\/07\/6-1200x800.jpg 1200w\" sizes=\"(max-width: 1024px) 100vw, 1024px\" \/><\/figure>\n\n\n\n<figure class=\"wp-block-image size-large\"><img loading=\"lazy\" decoding=\"async\" width=\"1024\" height=\"683\" data-id=\"678\" src=\"https:\/\/lougouaille.ovh\/wp-content\/uploads\/2025\/07\/2-1024x683.jpg\" alt=\"\" class=\"wp-image-678\" srcset=\"https:\/\/lougouaille.ovh\/wp-content\/uploads\/2025\/07\/2-1024x683.jpg 1024w, https:\/\/lougouaille.ovh\/wp-content\/uploads\/2025\/07\/2-300x200.jpg 300w, https:\/\/lougouaille.ovh\/wp-content\/uploads\/2025\/07\/2-768x512.jpg 768w, https:\/\/lougouaille.ovh\/wp-content\/uploads\/2025\/07\/2-1536x1024.jpg 1536w, https:\/\/lougouaille.ovh\/wp-content\/uploads\/2025\/07\/2-2048x1365.jpg 2048w, https:\/\/lougouaille.ovh\/wp-content\/uploads\/2025\/07\/2-1200x800.jpg 1200w\" sizes=\"(max-width: 1024px) 100vw, 1024px\" \/><\/figure>\n<\/figure>\n\n\n\n<p>Aujourd\u2019hui, j\u2019ai d\u00e9velopp\u00e9 4 mat\u00e9riaux \u00e0 partir de la cendre Grisure, Basalt, Grenue, et Regolith. Tous sont biosourc\u00e9s et ont une composition majoritaire en cendre. Ce second crit\u00e8re permet au liant de s\u2019effacer pour r\u00e9v\u00e9ler l\u2019aspect sensible de la mati\u00e8re.<\/p>\n\n\n\n<div class=\"wp-block-group is-content-justification-space-between is-nowrap is-layout-flex wp-container-core-group-is-layout-0dfbf163 wp-block-group-is-layout-flex\">\n<div class=\"wp-block-buttons is-layout-flex wp-block-buttons-is-layout-flex\">\n<div class=\"wp-block-button is-style-outline is-style-outline--2\"><a class=\"wp-block-button__link wp-element-button\" href=\"https:\/\/lougouaille.ovh\/?p=506\">Grisure<\/a><\/div>\n<\/div>\n\n\n\n<div class=\"wp-block-buttons is-layout-flex wp-block-buttons-is-layout-flex\">\n<div class=\"wp-block-button is-style-outline is-style-outline--3\"><a class=\"wp-block-button__link wp-element-button\" href=\"https:\/\/lougouaille.ovh\/?p=444\">Regolith<\/a><\/div>\n<\/div>\n\n\n\n<div class=\"wp-block-buttons is-layout-flex wp-block-buttons-is-layout-flex\">\n<div class=\"wp-block-button is-style-outline is-style-outline--4\"><a class=\"wp-block-button__link wp-element-button\" href=\"https:\/\/lougouaille.ovh\/?p=473\">Grenue<\/a><\/div>\n<\/div>\n\n\n\n<div class=\"wp-block-buttons is-layout-flex wp-block-buttons-is-layout-flex\">\n<div class=\"wp-block-button is-style-outline is-style-outline--5\"><a class=\"wp-block-button__link wp-element-button\">Basalt<\/a><\/div>\n<\/div>\n<\/div>\n\n\n\n<h2 class=\"wp-block-heading\">Exp\u00e9rience Mat\u00e9rielle<\/h2>\n\n\n\n<p style=\"font-size:12px\">Dans le cadre de ce projet, j\u2019ai entrepris la r\u00e9daction d\u2019un m\u00e9moire afin de documenter ma d\u00e9marche et de formaliser ma r\u00e9flexion. D\u00e8s les premi\u00e8res \u00e9tapes, j\u2019ai choisi d\u2019orienter ma recherche autour d\u2019une mati\u00e8re premi\u00e8re brute : la cendre.<br>La cendre est un mat\u00e9riau issu de la combustion de mati\u00e8re organique. Elle est volatile et friable. Visuellement, elle se pr\u00e9sente sous forme de poudre. Ces caract\u00e9ristiques conf\u00e8rent \u00e0 la cendre le statut de mat\u00e9riau \u00ab\u00a0sale\u00a0\u00bb. La cendre est \u00e9galement informe : elle ne poss\u00e8de pas de contour d\u00e9fini, ce qui emp\u00eache toute association imm\u00e9diate \u00e0 une \u00e9chelle. Elle se d\u00e9cline en diff\u00e9rentes nuances de gris, mats ou brillants. La signification de la cendre est \u00e9troitement li\u00e9e \u00e0 la symbolique du feu. Elle incarne un savoir ancestral de l\u2019humanit\u00e9 : le feu apporte chaleur et lumi\u00e8re \u00e0 l\u2019habitat, et permet de cuisiner. Mais il \u00e9voque aussi la d\u00e9solation et la destruction lorsqu\u2019il devient incontr\u00f4l\u00e9. Cette dualit\u00e9 s\u2019explique notamment par l\u2019importance des cendres dans les rites fun\u00e9raires. Dans mon projet, j\u2019utilise les cendres domestiques, car elles ne sont pas valoris\u00e9es et sont g\u00e9n\u00e9ralement consid\u00e9r\u00e9es comme des d\u00e9chets. <\/p>\n\n\n\n<p class=\"has-small-font-size\">Partant de l\u00e0, je me suis pos\u00e9 la question suivante : <strong>comment le designer peut-il produire un mat\u00e9riau \u00e0 partir de la cendre en l\u2019exp\u00e9rimentant ? <\/strong><\/p>\n\n\n\n<figure class=\"wp-block-image size-full\"><img loading=\"lazy\" decoding=\"async\" width=\"1024\" height=\"683\" src=\"http:\/\/lougouaille.ovh\/wp-content\/uploads\/2025\/07\/mise-en-scene-copie-1024x683-1.jpg\" alt=\"\" class=\"wp-image-694\" srcset=\"https:\/\/lougouaille.ovh\/wp-content\/uploads\/2025\/07\/mise-en-scene-copie-1024x683-1.jpg 1024w, https:\/\/lougouaille.ovh\/wp-content\/uploads\/2025\/07\/mise-en-scene-copie-1024x683-1-300x200.jpg 300w, https:\/\/lougouaille.ovh\/wp-content\/uploads\/2025\/07\/mise-en-scene-copie-1024x683-1-768x512.jpg 768w\" sizes=\"(max-width: 1024px) 100vw, 1024px\" \/><\/figure>\n\n\n\n<p style=\"font-size:12px\">L\u2019objectif de ce projet est de cr\u00e9er des mat\u00e9riaux pouvant \u00eatre employ\u00e9s comme de nouveaux modes d\u2019auto-production pour les designers. Ces mat\u00e9riaux devront r\u00e9v\u00e9ler les qualit\u00e9s visuelles et sensorielles propres \u00e0 la cendre.<\/p>\n\n\n\n<div class=\"wp-block-buttons is-layout-flex wp-block-buttons-is-layout-flex\">\n<div class=\"wp-block-button has-custom-width wp-block-button__width-100 is-style-outline is-style-outline--6\"><a class=\"wp-block-button__link wp-element-button\" href=\"https:\/\/lougouaille.ovh\/?p=432\">Plus de d&rsquo;information sur Exp\u00e9rience Mat\u00e9rielle<\/a><\/div>\n<\/div>\n\n\n\n<p><\/p>\n","protected":false},"excerpt":{"rendered":"<p>Cendrillon &#8211; Ashes to ashes Projet de dipl\u00f4me 2021 &#8211; LAAB Rennes En 2017 l\u2019ADEME estime la consommation de bois de chauffage des m\u00e9nages fran\u00e7ais \u00e0 25,7 millions de m3 soit pr\u00e8s de 13 milliards de tonnes de bois br\u00fbl\u00e9 chaque ann\u00e9e. On peut estimer que cette consommation g\u00e9n\u00e8re environ 200 000 tonnes de cendres. [&hellip;]<\/p>\n","protected":false},"author":1,"featured_media":0,"parent":0,"menu_order":0,"comment_status":"closed","ping_status":"closed","template":"","meta":{"footnotes":""},"class_list":["post-670","page","type-page","status-publish","hentry","missing-thumbnail"],"_links":{"self":[{"href":"https:\/\/lougouaille.ovh\/index.php?rest_route=\/wp\/v2\/pages\/670","targetHints":{"allow":["GET"]}}],"collection":[{"href":"https:\/\/lougouaille.ovh\/index.php?rest_route=\/wp\/v2\/pages"}],"about":[{"href":"https:\/\/lougouaille.ovh\/index.php?rest_route=\/wp\/v2\/types\/page"}],"author":[{"embeddable":true,"href":"https:\/\/lougouaille.ovh\/index.php?rest_route=\/wp\/v2\/users\/1"}],"replies":[{"embeddable":true,"href":"https:\/\/lougouaille.ovh\/index.php?rest_route=%2Fwp%2Fv2%2Fcomments&post=670"}],"version-history":[{"count":17,"href":"https:\/\/lougouaille.ovh\/index.php?rest_route=\/wp\/v2\/pages\/670\/revisions"}],"predecessor-version":[{"id":702,"href":"https:\/\/lougouaille.ovh\/index.php?rest_route=\/wp\/v2\/pages\/670\/revisions\/702"}],"wp:attachment":[{"href":"https:\/\/lougouaille.ovh\/index.php?rest_route=%2Fwp%2Fv2%2Fmedia&parent=670"}],"curies":[{"name":"wp","href":"https:\/\/api.w.org\/{rel}","templated":true}]}}